{"id":10424,"date":"2023-09-04T14:43:37","date_gmt":"2023-09-04T17:43:37","guid":{"rendered":"https:\/\/nicolaimascarenhas.adv.br\/nicolai\/?page_id=10424"},"modified":"2023-12-12T15:58:57","modified_gmt":"2023-12-12T18:58:57","slug":"na-midia","status":"publish","type":"page","link":"https:\/\/nicolaimascarenhas.adv.br\/nicolai\/na-midia\/","title":{"rendered":"Na M\u00eddia"},"content":{"rendered":"\t\t<div data-elementor-type=\"wp-page\" data-elementor-id=\"10424\" class=\"elementor elementor-10424\" data-elementor-post-type=\"page\">\n\t\t\t\t\t\t\t\t\t<section class=\"elementor-section elementor-top-section elementor-element elementor-element-a0789a4 elementor-section-stretched elementor-section-boxed elementor-section-height-default elementor-section-height-default\" data-id=\"a0789a4\" data-element_type=\"section\" data-settings=\"{&quot;background_background&quot;:&quot;classic&quot;,&quot;stretch_section&quot;:&quot;section-stretched&quot;}\">\n\t\t\t\t\t\t<div class=\"elementor-container elementor-column-gap-default\">\n\t\t\t\t\t<div class=\"elementor-column elementor-col-100 elementor-top-column elementor-element elementor-element-f81e258\" data-id=\"f81e258\" data-element_type=\"column\">\n\t\t\t<div class=\"elementor-widget-wrap elementor-element-populated\">\n\t\t\t\t\t\t\t\t<div class=\"elementor-element elementor-element-66fbee7 elementor-widget elementor-widget-heading\" data-id=\"66fbee7\" data-element_type=\"widget\" data-widget_type=\"heading.default\">\n\t\t\t\t<div class=\"elementor-widget-container\">\n\t\t\t<h2 class=\"elementor-heading-title elementor-size-default\">Na M\u00eddia<\/h2>\t\t<\/div>\n\t\t\t\t<\/div>\n\t\t\t\t<div class=\"elementor-element elementor-element-5c4dc98 elementor-widget-divider--view-line elementor-widget elementor-widget-divider\" data-id=\"5c4dc98\" data-element_type=\"widget\" data-widget_type=\"divider.default\">\n\t\t\t\t<div class=\"elementor-widget-container\">\n\t\t\t\t\t<div class=\"elementor-divider\">\n\t\t\t<span class=\"elementor-divider-separator\">\n\t\t\t\t\t\t<\/span>\n\t\t<\/div>\n\t\t\t\t<\/div>\n\t\t\t\t<\/div>\n\t\t\t\t<div class=\"elementor-element elementor-element-224e1e3 elementor-widget elementor-widget-text-editor\" data-id=\"224e1e3\" data-element_type=\"widget\" data-widget_type=\"text-editor.default\">\n\t\t\t\t<div class=\"elementor-widget-container\">\n\t\t\t\t\t\t\t<p>Entrevistas de Nicolai Mascarenhas na m\u00eddia<\/p>\t\t\t\t\t\t<\/div>\n\t\t\t\t<\/div>\n\t\t\t\t<div class=\"elementor-element elementor-element-a6cf46f elementor-widget elementor-widget-accordion\" data-id=\"a6cf46f\" data-element_type=\"widget\" data-widget_type=\"accordion.default\">\n\t\t\t\t<div class=\"elementor-widget-container\">\n\t\t\t\t\t<div class=\"elementor-accordion\">\n\t\t\t\t\t\t\t<div class=\"elementor-accordion-item\">\n\t\t\t\t\t<div id=\"elementor-tab-title-1741\" class=\"elementor-tab-title\" data-tab=\"1\" role=\"button\" aria-controls=\"elementor-tab-content-1741\" aria-expanded=\"false\">\n\t\t\t\t\t\t\t\t\t\t\t\t\t<span class=\"elementor-accordion-icon elementor-accordion-icon-left\" aria-hidden=\"true\">\n\t\t\t\t\t\t\t\t\t\t\t\t\t\t\t<span class=\"elementor-accordion-icon-closed\"><i class=\"fas fa-plus\"><\/i><\/span>\n\t\t\t\t\t\t\t\t<span class=\"elementor-accordion-icon-opened\"><i class=\"fas fa-minus\"><\/i><\/span>\n\t\t\t\t\t\t\t\t\t\t\t\t\t\t<\/span>\n\t\t\t\t\t\t\t\t\t\t\t\t<a class=\"elementor-accordion-title\" tabindex=\"0\">Pr\u00eamio Empresa Brasileira do ano de 2023<\/a>\n\t\t\t\t\t<\/div>\n\t\t\t\t\t<div id=\"elementor-tab-content-1741\" class=\"elementor-tab-content elementor-clearfix\" data-tab=\"1\" role=\"region\" aria-labelledby=\"elementor-tab-title-1741\"><p><span style=\"font-weight: 400;\">O escrit\u00f3rio Nicolai Mascarenhas Advocacia recebeu o Pr\u00eamio Empresa Brasileira do ano de 2023, no evento Quality Summit 2023, promovido pela Organiza\u00e7\u00e3o LAQI (Latin American Quality Institute). A premia\u00e7\u00e3o aconteceu nesta quarta-feira (10), em S\u00e3o Paulo. <\/span><a href=\"https:\/\/www.bahianoticias.com.br\/bnhall\/noticia\/3610-quality-summit-2023-premia-o-escritorio-nicolai-mascarenhas-advocacia\" target=\"_blank\" rel=\"noopener\"><span style=\"font-weight: 400;\">https:\/\/www.bahianoticias.com.br\/bnhall\/noticia\/3610-quality-summit-2023-premia-o-escritorio-nicolai-mascarenhas-advocacia<\/span><\/a><\/p><\/div>\n\t\t\t\t<\/div>\n\t\t\t\t\t\t\t<div class=\"elementor-accordion-item\">\n\t\t\t\t\t<div id=\"elementor-tab-title-1742\" class=\"elementor-tab-title\" data-tab=\"2\" role=\"button\" aria-controls=\"elementor-tab-content-1742\" aria-expanded=\"false\">\n\t\t\t\t\t\t\t\t\t\t\t\t\t<span class=\"elementor-accordion-icon elementor-accordion-icon-left\" aria-hidden=\"true\">\n\t\t\t\t\t\t\t\t\t\t\t\t\t\t\t<span class=\"elementor-accordion-icon-closed\"><i class=\"fas fa-plus\"><\/i><\/span>\n\t\t\t\t\t\t\t\t<span class=\"elementor-accordion-icon-opened\"><i class=\"fas fa-minus\"><\/i><\/span>\n\t\t\t\t\t\t\t\t\t\t\t\t\t\t<\/span>\n\t\t\t\t\t\t\t\t\t\t\t\t<a class=\"elementor-accordion-title\" tabindex=\"0\">Transa\u00e7\u00e3o \u00e9 o futuro da regulariza\u00e7\u00e3o fiscal<\/a>\n\t\t\t\t\t<\/div>\n\t\t\t\t\t<div id=\"elementor-tab-content-1742\" class=\"elementor-tab-content elementor-clearfix\" data-tab=\"2\" role=\"region\" aria-labelledby=\"elementor-tab-title-1742\"><p><span style=\"font-weight: 400;\">&#8220;Transa\u00e7\u00e3o \u00e9 o futuro da regulariza\u00e7\u00e3o fiscal&#8221;, diz Nicolai Mascarenhas\u201d <\/span><a href=\"https:\/\/www.bpmoney.com.br\/noticias\/entrevistas\/transacao-tributacao-nicolai-mascarenhas\" target=\"_blank\" rel=\"noopener\"><span style=\"font-weight: 400;\">https:\/\/www.bpmoney.com.br\/noticias\/entrevistas\/transacao-tributacao-nicolai-mascarenhas<\/span><\/a><\/p><p><span style=\"font-weight: 400;\">BP Money &#8211; Como funciona a transa\u00e7\u00e3o tribut\u00e1ria e porque \u00e9 t\u00e3o importante?<\/span><\/p><p><span style=\"font-weight: 400;\">Nicolai Mascarenhas &#8211; O que n\u00f3s estamos percebendo ao longo dos \u00faltimos anos, \u00e9 que o fisco se conscientizou que a forma tradicional de cobran\u00e7a coercitiva de execu\u00e7\u00e3o de penhora muitas vezes n\u00e3o surte um efeito desejado no sentido de obter arrecada\u00e7\u00e3o do tributo do devedor inadimplente.\u00a0<\/span><\/p><p><span style=\"font-weight: 400;\">Percebeu-se que os parcelamentos engessados usualmente em 60 parcelas que em sua grande maioria exigem entradas e garantias reais, acabam inibindo o bom contribuinte que est\u00e1 inadimplente de obter a sua regulariza\u00e7\u00e3o.\u00a0<\/span><\/p><p><span style=\"font-weight: 400;\">No \u00e2mbito do Brasil sempre existiu a possibilidade da transa\u00e7\u00e3o e dessas formas alternativas de composi\u00e7\u00e3o, mas recentemente em 2020, por meio da lei 13.988, veio \u00e0 tona uma nova legisla\u00e7\u00e3o espec\u00edfica para tributos federais incorporando e operacionalizando o Instituto da Transa\u00e7\u00e3o Tribut\u00e1ria.\u00a0<\/span><\/p><p><span style=\"font-weight: 400;\">Esse que \u00e9 um dos mecanismos alternativos de cobran\u00e7a que est\u00e3o surgindo ao meu ver \u00e9 o grande marco para a busca da regularidade daquele que est\u00e1 em situa\u00e7\u00e3o de inadimpl\u00eancia.\u00a0<\/span><\/p><p><span style=\"font-weight: 400;\">Por qu\u00ea? Por meio de direcionamentos da negocia\u00e7\u00e3o \u00e9 poss\u00edvel voc\u00ea apresentar propostas ou aderir a propostas em que seja realizado an\u00e1lise do seu quadro econ\u00f4mico em que pode haver flexibiliza\u00e7\u00e3o da forma e valores da parcela sendo escalonado, gradativa, onde voc\u00ea pode chegar a descontos entre 65% at\u00e9 70%, principalmente direcionado para multas de juros e um parcelamento em at\u00e9 120 vezes.<\/span><\/p><p><span style=\"font-weight: 400;\">O que eu acho interessante desse novo modelo \u00e9 justamente a possibilidade de voc\u00ea criar cen\u00e1rios junto com o procurador onde demonstrado sua situa\u00e7\u00e3o econ\u00f4mica ele pode fazer enquadramentos flex\u00edveis ou menos flex\u00edveis e criar condi\u00e7\u00f5es espec\u00edficas para o seu caso.<\/span><\/p><p><span style=\"font-weight: 400;\">BP Money &#8211; Existem outras formas para se regularizar os tributos. Mas por que esse modelo \u00e9 tido como o futuro para este setor?<\/span><\/p><p><span style=\"font-weight: 400;\">Nicolai Mascarenhas\u00a0 &#8211; Justamente quando coloca na mesa o contribuinte e o procurador para entender qual \u00e9 o motivo que ele n\u00e3o est\u00e1 conseguindo fazer a ades\u00e3o, a forma ordin\u00e1ria de concilia\u00e7\u00e3o que \u00e9 o parcelamento cria um cen\u00e1rio de maior possibilidade de cumprimento dessa obriga\u00e7\u00e3o.\u00a0<\/span><\/p><p><span style=\"font-weight: 400;\">Em \u00e2mbito de governan\u00e7a corporativa e de sustentabilidade \u00e9 o que n\u00f3s estamos chamando de negocia\u00e7\u00e3o tribut\u00e1ria sustent\u00e1vel. Observamos muitas vezes em nossa experi\u00eancia profissional e no mercado que as partes fazem ades\u00e3o ao parcelamentos, esses mais engessados, muitas vezes sem capacidade de manter o pagamento daquelas parcelas tal qual prefixado e acabam se tornando reincidentes na inadimpl\u00eancia e vira uma bola de neve.<\/span><\/p><p><span style=\"font-weight: 400;\">E muitas vezes como estrat\u00e9gia, esperam parcelamentos especiais como Refis e Paex para ter redu\u00e7\u00e3o da d\u00edvida criando um cen\u00e1rio de regulariza\u00e7\u00e3o proposital porque n\u00e3o tem um ambiente adequado de negocia\u00e7\u00e3o.<\/span><\/p><\/div>\n\t\t\t\t<\/div>\n\t\t\t\t\t\t\t<div class=\"elementor-accordion-item\">\n\t\t\t\t\t<div id=\"elementor-tab-title-1743\" class=\"elementor-tab-title\" data-tab=\"3\" role=\"button\" aria-controls=\"elementor-tab-content-1743\" aria-expanded=\"false\">\n\t\t\t\t\t\t\t\t\t\t\t\t\t<span class=\"elementor-accordion-icon elementor-accordion-icon-left\" aria-hidden=\"true\">\n\t\t\t\t\t\t\t\t\t\t\t\t\t\t\t<span class=\"elementor-accordion-icon-closed\"><i class=\"fas fa-plus\"><\/i><\/span>\n\t\t\t\t\t\t\t\t<span class=\"elementor-accordion-icon-opened\"><i class=\"fas fa-minus\"><\/i><\/span>\n\t\t\t\t\t\t\t\t\t\t\t\t\t\t<\/span>\n\t\t\t\t\t\t\t\t\t\t\t\t<a class=\"elementor-accordion-title\" tabindex=\"0\">Entrevistas Nicolai Mascarenhas R\u00e1dio Sociedade<\/a>\n\t\t\t\t\t<\/div>\n\t\t\t\t\t<div id=\"elementor-tab-content-1743\" class=\"elementor-tab-content elementor-clearfix\" data-tab=\"3\" role=\"region\" aria-labelledby=\"elementor-tab-title-1743\"><p>Confira nos links abaixo entrevistas Nicolai Mascarenhas R\u00e1dio Sociedade.<\/p><p><a href=\"https:\/\/podcasters.spotify.com\/pod\/show\/radio-sociedade\/episodes\/Conexo-Sociedade-Entrevista-com-Nicolai-Mascarenhas--advogado-e1lv383\" target=\"_blank\" rel=\"noopener\">Link 1<\/a><\/p><p><a href=\"https:\/\/podcasters.spotify.com\/pod\/show\/radio-sociedade\/episodes\/Balano-Geral-Entrevista-com-Nicolai-Mascarenhas--Advogado-tributarista-e1jua12\" target=\"_blank\" rel=\"noopener\">Link 2<\/a><\/p><\/div>\n\t\t\t\t<\/div>\n\t\t\t\t\t\t\t\t<\/div>\n\t\t\t\t<\/div>\n\t\t\t\t<\/div>\n\t\t\t\t\t<\/div>\n\t\t<\/div>\n\t\t\t\t\t\t\t<\/div>\n\t\t<\/section>\n\t\t\t\t\t\t\t<\/div>\n\t\t","protected":false},"excerpt":{"rendered":"<p>Na M\u00eddia Entrevistas de Nicolai Mascarenhas na m\u00eddia Pr\u00eamio Empresa Brasileira do ano de 2023 O escrit\u00f3rio Nicolai Mascarenhas Advocacia recebeu o Pr\u00eamio Empresa Brasileira do ano de 2023, no evento Quality Summit 2023, promovido pela Organiza\u00e7\u00e3o LAQI (Latin American Quality Institute). A premia\u00e7\u00e3o aconteceu nesta quarta-feira (10), em S\u00e3o Paulo. https:\/\/www.bahianoticias.com.br\/bnhall\/noticia\/3610-quality-summit-2023-premia-o-escritorio-nicolai-mascarenhas-advocacia Transa\u00e7\u00e3o \u00e9 o [&hellip;]<\/p>\n","protected":false},"author":25,"featured_media":0,"parent":0,"menu_order":0,"comment_status":"closed","ping_status":"closed","template":"","meta":{"footnotes":""},"_links":{"self":[{"href":"https:\/\/nicolaimascarenhas.adv.br\/nicolai\/wp-json\/wp\/v2\/pages\/10424"}],"collection":[{"href":"https:\/\/nicolaimascarenhas.adv.br\/nicolai\/wp-json\/wp\/v2\/pages"}],"about":[{"href":"https:\/\/nicolaimascarenhas.adv.br\/nicolai\/wp-json\/wp\/v2\/types\/page"}],"author":[{"embeddable":true,"href":"https:\/\/nicolaimascarenhas.adv.br\/nicolai\/wp-json\/wp\/v2\/users\/25"}],"replies":[{"embeddable":true,"href":"https:\/\/nicolaimascarenhas.adv.br\/nicolai\/wp-json\/wp\/v2\/comments?post=10424"}],"version-history":[{"count":22,"href":"https:\/\/nicolaimascarenhas.adv.br\/nicolai\/wp-json\/wp\/v2\/pages\/10424\/revisions"}],"predecessor-version":[{"id":10550,"href":"https:\/\/nicolaimascarenhas.adv.br\/nicolai\/wp-json\/wp\/v2\/pages\/10424\/revisions\/10550"}],"wp:attachment":[{"href":"https:\/\/nicolaimascarenhas.adv.br\/nicolai\/wp-json\/wp\/v2\/media?parent=10424"}],"curies":[{"name":"wp","href":"https:\/\/api.w.org\/{rel}","templated":true}]}}