{"id":10398,"date":"2023-09-04T14:27:55","date_gmt":"2023-09-04T17:27:55","guid":{"rendered":"https:\/\/nicolaimascarenhas.adv.br\/nicolai\/?page_id=10398"},"modified":"2023-12-12T16:22:14","modified_gmt":"2023-12-12T19:22:14","slug":"equipe","status":"publish","type":"page","link":"https:\/\/nicolaimascarenhas.adv.br\/nicolai\/equipe\/","title":{"rendered":"Equipe"},"content":{"rendered":"\t\t<div data-elementor-type=\"wp-page\" data-elementor-id=\"10398\" class=\"elementor elementor-10398\" data-elementor-post-type=\"page\">\n\t\t\t\t\t\t\t\t\t<section class=\"elementor-section elementor-top-section elementor-element elementor-element-78664a1 elementor-section-stretched elementor-section-boxed elementor-section-height-default elementor-section-height-default\" data-id=\"78664a1\" data-element_type=\"section\" data-settings=\"{&quot;background_background&quot;:&quot;classic&quot;,&quot;stretch_section&quot;:&quot;section-stretched&quot;}\">\n\t\t\t\t\t\t<div class=\"elementor-container elementor-column-gap-default\">\n\t\t\t\t\t<div class=\"elementor-column elementor-col-100 elementor-top-column elementor-element elementor-element-1214165\" data-id=\"1214165\" data-element_type=\"column\">\n\t\t\t<div class=\"elementor-widget-wrap elementor-element-populated\">\n\t\t\t\t\t\t\t\t<div class=\"elementor-element elementor-element-1805dee elementor-widget elementor-widget-heading\" data-id=\"1805dee\" data-element_type=\"widget\" data-widget_type=\"heading.default\">\n\t\t\t\t<div class=\"elementor-widget-container\">\n\t\t\t<h2 class=\"elementor-heading-title elementor-size-default\">A Equipe<\/h2>\t\t<\/div>\n\t\t\t\t<\/div>\n\t\t\t\t<div class=\"elementor-element elementor-element-eef63bc elementor-widget-divider--view-line elementor-widget elementor-widget-divider\" data-id=\"eef63bc\" data-element_type=\"widget\" data-widget_type=\"divider.default\">\n\t\t\t\t<div class=\"elementor-widget-container\">\n\t\t\t\t\t<div class=\"elementor-divider\">\n\t\t\t<span class=\"elementor-divider-separator\">\n\t\t\t\t\t\t<\/span>\n\t\t<\/div>\n\t\t\t\t<\/div>\n\t\t\t\t<\/div>\n\t\t\t\t<div class=\"elementor-element elementor-element-6237032 elementor-widget elementor-widget-text-editor\" data-id=\"6237032\" data-element_type=\"widget\" data-widget_type=\"text-editor.default\">\n\t\t\t\t<div class=\"elementor-widget-container\">\n\t\t\t\t\t\t\t<p>Nicolai Mascarenhas \u00e9 advogado com mais de 15 de anos de experi\u00eancia, parecerista, articulista e entusiasta do estudo da prote\u00e7\u00e3o da empresa no direito brasileiro. Atualmente \u00e9 diretor do Escrit\u00f3rio de Advocacia Nicolai Mascarenhas, consultor especialista em reestrutura\u00e7\u00e3o empresarial e planejamento tribut\u00e1rio, palestrante de temas ligados ao direito empresarial e tribut\u00e1rio, tais como: contratos empresarias, recupera\u00e7\u00e3o judicial, defesas administrativas tribut\u00e1rias, recupera\u00e7\u00e3o de cr\u00e9ditos e prote\u00e7\u00e3o jur\u00eddica do investidor.<\/p>\t\t\t\t\t\t<\/div>\n\t\t\t\t<\/div>\n\t\t\t\t<section class=\"elementor-section elementor-inner-section elementor-element elementor-element-0f19346 elementor-section-boxed elementor-section-height-default elementor-section-height-default\" data-id=\"0f19346\" data-element_type=\"section\">\n\t\t\t\t\t\t<div class=\"elementor-container elementor-column-gap-default\">\n\t\t\t\t\t<div class=\"elementor-column elementor-col-33 elementor-inner-column elementor-element elementor-element-9e3ccc9\" data-id=\"9e3ccc9\" data-element_type=\"column\">\n\t\t\t<div class=\"elementor-widget-wrap elementor-element-populated\">\n\t\t\t\t\t\t\t\t<div class=\"elementor-element elementor-element-b16564e elementor-position-top elementor-widget elementor-widget-image-box\" data-id=\"b16564e\" data-element_type=\"widget\" data-widget_type=\"image-box.default\">\n\t\t\t\t<div class=\"elementor-widget-container\">\n\t\t\t<div class=\"elementor-image-box-wrapper\"><figure class=\"elementor-image-box-img\"><img decoding=\"async\" loading=\"lazy\" width=\"512\" height=\"512\" src=\"https:\/\/nicolaimascarenhas.adv.br\/nicolai\/wp-content\/uploads\/2023\/08\/cropped-favicon.jpg\" class=\"attachment-full size-full wp-image-10229\" alt=\"\" srcset=\"https:\/\/nicolaimascarenhas.adv.br\/nicolai\/wp-content\/uploads\/2023\/08\/cropped-favicon.jpg 512w, https:\/\/nicolaimascarenhas.adv.br\/nicolai\/wp-content\/uploads\/2023\/08\/cropped-favicon-300x300.jpg 300w, https:\/\/nicolaimascarenhas.adv.br\/nicolai\/wp-content\/uploads\/2023\/08\/cropped-favicon-150x150.jpg 150w, https:\/\/nicolaimascarenhas.adv.br\/nicolai\/wp-content\/uploads\/2023\/08\/cropped-favicon-270x270.jpg 270w, https:\/\/nicolaimascarenhas.adv.br\/nicolai\/wp-content\/uploads\/2023\/08\/cropped-favicon-192x192.jpg 192w, https:\/\/nicolaimascarenhas.adv.br\/nicolai\/wp-content\/uploads\/2023\/08\/cropped-favicon-180x180.jpg 180w, https:\/\/nicolaimascarenhas.adv.br\/nicolai\/wp-content\/uploads\/2023\/08\/cropped-favicon-32x32.jpg 32w\" sizes=\"(max-width: 512px) 100vw, 512px\" \/><\/figure><div class=\"elementor-image-box-content\"><h5 class=\"elementor-image-box-title\">Nicolai Trindade Mascarenhas<\/h5><p class=\"elementor-image-box-description\">Advogado inscrito na OAB\/BA sob o n\u00ba 22.386. S\u00f3cio Diretor. Graduado pela UNIFACS. P\u00f3s-graduado em Direito Empresarial pela Faculdade de Direito da UFBA, MBA em Planejamento Tribut\u00e1rio pela UNIFACS, Mestre em Direito Privado pela UFBA. Mestre em Direito Tribut\u00e1rio pela FGV. Atua nas \u00e1reas de direito empresarial e tribut\u00e1rio com foco em planejamento estrat\u00e9gico empresarial.<\/p><\/div><\/div>\t\t<\/div>\n\t\t\t\t<\/div>\n\t\t\t\t\t<\/div>\n\t\t<\/div>\n\t\t\t\t<div class=\"elementor-column elementor-col-33 elementor-inner-column elementor-element elementor-element-9761213\" data-id=\"9761213\" data-element_type=\"column\">\n\t\t\t<div class=\"elementor-widget-wrap elementor-element-populated\">\n\t\t\t\t\t\t\t\t<div class=\"elementor-element elementor-element-1a69484 elementor-position-top elementor-widget elementor-widget-image-box\" data-id=\"1a69484\" data-element_type=\"widget\" data-widget_type=\"image-box.default\">\n\t\t\t\t<div class=\"elementor-widget-container\">\n\t\t\t<div class=\"elementor-image-box-wrapper\"><figure class=\"elementor-image-box-img\"><img decoding=\"async\" loading=\"lazy\" width=\"1365\" height=\"2048\" src=\"https:\/\/nicolaimascarenhas.adv.br\/nicolai\/wp-content\/uploads\/2023\/12\/Foto-karine.jpg\" class=\"attachment-full size-full wp-image-10555\" alt=\"\" srcset=\"https:\/\/nicolaimascarenhas.adv.br\/nicolai\/wp-content\/uploads\/2023\/12\/Foto-karine.jpg 1365w, https:\/\/nicolaimascarenhas.adv.br\/nicolai\/wp-content\/uploads\/2023\/12\/Foto-karine-200x300.jpg 200w, https:\/\/nicolaimascarenhas.adv.br\/nicolai\/wp-content\/uploads\/2023\/12\/Foto-karine-683x1024.jpg 683w, https:\/\/nicolaimascarenhas.adv.br\/nicolai\/wp-content\/uploads\/2023\/12\/Foto-karine-768x1152.jpg 768w, https:\/\/nicolaimascarenhas.adv.br\/nicolai\/wp-content\/uploads\/2023\/12\/Foto-karine-1024x1536.jpg 1024w\" sizes=\"(max-width: 1365px) 100vw, 1365px\" \/><\/figure><div class=\"elementor-image-box-content\"><h5 class=\"elementor-image-box-title\">Andrea Karine de Souza Pereira<\/h5><p class=\"elementor-image-box-description\">Advogada inscrita na OAB\/BA sob o n\u00ba 30.706. Coordenadora do N\u00facleo Trabalhista\/Consumidor. Graduada pela Faculdade Maur\u00edcio de Nassau. P\u00f3s graduada em Direito do Trabalho pela Universidade Salvador - UNIFACS. Atua nas \u00e1reas de Direito do Trabalho, Consumidor e Fam\u00edlia.<\/p><\/div><\/div>\t\t<\/div>\n\t\t\t\t<\/div>\n\t\t\t\t\t<\/div>\n\t\t<\/div>\n\t\t\t\t<div class=\"elementor-column elementor-col-33 elementor-inner-column elementor-element elementor-element-441aaef\" data-id=\"441aaef\" data-element_type=\"column\">\n\t\t\t<div class=\"elementor-widget-wrap elementor-element-populated\">\n\t\t\t\t\t\t\t\t<div class=\"elementor-element elementor-element-a5ba8d0 elementor-position-top elementor-widget elementor-widget-image-box\" data-id=\"a5ba8d0\" data-element_type=\"widget\" data-widget_type=\"image-box.default\">\n\t\t\t\t<div class=\"elementor-widget-container\">\n\t\t\t<div class=\"elementor-image-box-wrapper\"><figure class=\"elementor-image-box-img\"><img decoding=\"async\" loading=\"lazy\" width=\"1365\" height=\"2048\" src=\"https:\/\/nicolaimascarenhas.adv.br\/nicolai\/wp-content\/uploads\/2023\/12\/NICOLAI-MASCARENHAS_@HederNunez-02821.jpg\" class=\"attachment-full size-full wp-image-10558\" alt=\"\" srcset=\"https:\/\/nicolaimascarenhas.adv.br\/nicolai\/wp-content\/uploads\/2023\/12\/NICOLAI-MASCARENHAS_@HederNunez-02821.jpg 1365w, https:\/\/nicolaimascarenhas.adv.br\/nicolai\/wp-content\/uploads\/2023\/12\/NICOLAI-MASCARENHAS_@HederNunez-02821-200x300.jpg 200w, https:\/\/nicolaimascarenhas.adv.br\/nicolai\/wp-content\/uploads\/2023\/12\/NICOLAI-MASCARENHAS_@HederNunez-02821-683x1024.jpg 683w, https:\/\/nicolaimascarenhas.adv.br\/nicolai\/wp-content\/uploads\/2023\/12\/NICOLAI-MASCARENHAS_@HederNunez-02821-768x1152.jpg 768w, https:\/\/nicolaimascarenhas.adv.br\/nicolai\/wp-content\/uploads\/2023\/12\/NICOLAI-MASCARENHAS_@HederNunez-02821-1024x1536.jpg 1024w\" sizes=\"(max-width: 1365px) 100vw, 1365px\" \/><\/figure><div class=\"elementor-image-box-content\"><h5 class=\"elementor-image-box-title\">Fernanda Brim Sampaio<\/h5><p class=\"elementor-image-box-description\">Advogada inscrita na OAB\/BA sob o n\u00ba 35.434. Coordenadora do N\u00facleo Empresarial\/Tribut\u00e1rio. Graduada pela Faculdade Ruy Barbosa. P\u00f3s graduada em Direito P\u00fablico pela FGV - Faculdade Get\u00falio Vargas. P\u00f3s graduada em Direito Tribut\u00e1rio pelo Instituto Brasileiro de Direito Tribut\u00e1rio- IBET. P\u00f3s-graduanda em Planejamento Tribut\u00e1rio pela Universidade Salvador - UNIFACS. Atua nas \u00e1reas de Direito Tribut\u00e1rio, Empresarial, Civil e Consumidor.<\/p><\/div><\/div>\t\t<\/div>\n\t\t\t\t<\/div>\n\t\t\t\t\t<\/div>\n\t\t<\/div>\n\t\t\t\t\t\t\t<\/div>\n\t\t<\/section>\n\t\t\t\t<section class=\"elementor-section elementor-inner-section elementor-element elementor-element-42245f9 elementor-section-boxed elementor-section-height-default elementor-section-height-default\" data-id=\"42245f9\" data-element_type=\"section\">\n\t\t\t\t\t\t<div class=\"elementor-container elementor-column-gap-default\">\n\t\t\t\t\t<div class=\"elementor-column elementor-col-33 elementor-inner-column elementor-element elementor-element-7cd0a30\" data-id=\"7cd0a30\" data-element_type=\"column\">\n\t\t\t<div class=\"elementor-widget-wrap elementor-element-populated\">\n\t\t\t\t\t\t\t\t<div class=\"elementor-element elementor-element-b253171 elementor-position-top elementor-widget elementor-widget-image-box\" data-id=\"b253171\" data-element_type=\"widget\" data-widget_type=\"image-box.default\">\n\t\t\t\t<div class=\"elementor-widget-container\">\n\t\t\t<div class=\"elementor-image-box-wrapper\"><figure class=\"elementor-image-box-img\"><img decoding=\"async\" loading=\"lazy\" width=\"1080\" height=\"719\" src=\"https:\/\/nicolaimascarenhas.adv.br\/nicolai\/wp-content\/uploads\/2023\/12\/foto-escritorio-fernando-adv-nicolai-mascarenhas.jpeg\" class=\"attachment-full size-full wp-image-10556\" alt=\"\" srcset=\"https:\/\/nicolaimascarenhas.adv.br\/nicolai\/wp-content\/uploads\/2023\/12\/foto-escritorio-fernando-adv-nicolai-mascarenhas.jpeg 1080w, https:\/\/nicolaimascarenhas.adv.br\/nicolai\/wp-content\/uploads\/2023\/12\/foto-escritorio-fernando-adv-nicolai-mascarenhas-300x200.jpeg 300w, https:\/\/nicolaimascarenhas.adv.br\/nicolai\/wp-content\/uploads\/2023\/12\/foto-escritorio-fernando-adv-nicolai-mascarenhas-1024x682.jpeg 1024w, https:\/\/nicolaimascarenhas.adv.br\/nicolai\/wp-content\/uploads\/2023\/12\/foto-escritorio-fernando-adv-nicolai-mascarenhas-768x511.jpeg 768w\" sizes=\"(max-width: 1080px) 100vw, 1080px\" \/><\/figure><div class=\"elementor-image-box-content\"><h5 class=\"elementor-image-box-title\">Ant\u00f4nio Fernando Lobo Cerqueira<\/h5><p class=\"elementor-image-box-description\">Advogado inscrito na OAB\/BA sob o n\u00ba 57.143. Associado ao n\u00facleo Empresarial\/Tribut\u00e1rio. Graduado pela Faculdade Ruy Barbosa. P\u00f3s-graduado em Direito Tribut\u00e1rio e Empresarial pela Faculdade Dois de Julho. Atua nas \u00e1reas de Direito Civil, Consumidor, Tribut\u00e1rio e Empresarial.<\/p><\/div><\/div>\t\t<\/div>\n\t\t\t\t<\/div>\n\t\t\t\t\t<\/div>\n\t\t<\/div>\n\t\t\t\t<div class=\"elementor-column elementor-col-33 elementor-inner-column elementor-element elementor-element-a2ca22d\" data-id=\"a2ca22d\" data-element_type=\"column\">\n\t\t\t<div class=\"elementor-widget-wrap elementor-element-populated\">\n\t\t\t\t\t\t\t\t<div class=\"elementor-element elementor-element-f18455c elementor-position-top elementor-widget elementor-widget-image-box\" data-id=\"f18455c\" data-element_type=\"widget\" data-widget_type=\"image-box.default\">\n\t\t\t\t<div class=\"elementor-widget-container\">\n\t\t\t<div class=\"elementor-image-box-wrapper\"><figure class=\"elementor-image-box-img\"><img decoding=\"async\" loading=\"lazy\" width=\"1600\" height=\"1066\" src=\"https:\/\/nicolaimascarenhas.adv.br\/nicolai\/wp-content\/uploads\/2023\/12\/Imagem-Adrielle.jpeg\" class=\"attachment-full size-full wp-image-10557\" alt=\"\" srcset=\"https:\/\/nicolaimascarenhas.adv.br\/nicolai\/wp-content\/uploads\/2023\/12\/Imagem-Adrielle.jpeg 1600w, https:\/\/nicolaimascarenhas.adv.br\/nicolai\/wp-content\/uploads\/2023\/12\/Imagem-Adrielle-300x200.jpeg 300w, https:\/\/nicolaimascarenhas.adv.br\/nicolai\/wp-content\/uploads\/2023\/12\/Imagem-Adrielle-1024x682.jpeg 1024w, https:\/\/nicolaimascarenhas.adv.br\/nicolai\/wp-content\/uploads\/2023\/12\/Imagem-Adrielle-768x512.jpeg 768w, https:\/\/nicolaimascarenhas.adv.br\/nicolai\/wp-content\/uploads\/2023\/12\/Imagem-Adrielle-1536x1023.jpeg 1536w\" sizes=\"(max-width: 1600px) 100vw, 1600px\" \/><\/figure><div class=\"elementor-image-box-content\"><h5 class=\"elementor-image-box-title\">Adrielle Alves<\/h5><p class=\"elementor-image-box-description\">Advogada inscrita na OAB\/BA sob o n\u00ba 61.943. Associada ao n\u00facleo Trabalhista\/Consumidor.Graduada pela Faculdade Jorge Amado. Atua nas \u00e1reas de Direito do Trabalho, Consumidor, Fam\u00edlia e Sucess\u00f5es.<\/p><\/div><\/div>\t\t<\/div>\n\t\t\t\t<\/div>\n\t\t\t\t\t<\/div>\n\t\t<\/div>\n\t\t\t\t<div class=\"elementor-column elementor-col-33 elementor-inner-column elementor-element elementor-element-828a36c\" data-id=\"828a36c\" data-element_type=\"column\">\n\t\t\t<div class=\"elementor-widget-wrap elementor-element-populated\">\n\t\t\t\t\t\t\t\t<div class=\"elementor-element elementor-element-e156654 elementor-position-top elementor-widget elementor-widget-image-box\" data-id=\"e156654\" data-element_type=\"widget\" data-widget_type=\"image-box.default\">\n\t\t\t\t<div class=\"elementor-widget-container\">\n\t\t\t<div class=\"elementor-image-box-wrapper\"><figure class=\"elementor-image-box-img\"><img decoding=\"async\" loading=\"lazy\" width=\"2048\" height=\"1365\" src=\"https:\/\/nicolaimascarenhas.adv.br\/nicolai\/wp-content\/uploads\/2023\/12\/Foto-Laisy-Matos-02797.jpg\" class=\"attachment-full size-full wp-image-10554\" alt=\"\" srcset=\"https:\/\/nicolaimascarenhas.adv.br\/nicolai\/wp-content\/uploads\/2023\/12\/Foto-Laisy-Matos-02797.jpg 2048w, https:\/\/nicolaimascarenhas.adv.br\/nicolai\/wp-content\/uploads\/2023\/12\/Foto-Laisy-Matos-02797-300x200.jpg 300w, https:\/\/nicolaimascarenhas.adv.br\/nicolai\/wp-content\/uploads\/2023\/12\/Foto-Laisy-Matos-02797-1024x683.jpg 1024w, https:\/\/nicolaimascarenhas.adv.br\/nicolai\/wp-content\/uploads\/2023\/12\/Foto-Laisy-Matos-02797-768x512.jpg 768w, https:\/\/nicolaimascarenhas.adv.br\/nicolai\/wp-content\/uploads\/2023\/12\/Foto-Laisy-Matos-02797-1536x1024.jpg 1536w\" sizes=\"(max-width: 2048px) 100vw, 2048px\" \/><\/figure><div class=\"elementor-image-box-content\"><h5 class=\"elementor-image-box-title\">Laisy Matos<\/h5><p class=\"elementor-image-box-description\">Advogada inscrita na OAB\/BA sob o n\u00ba 64.076. Associada ao n\u00facleo Trabalhista\/Consumidor. Graduada pela Faculdade Ruy Barbosa. P\u00f3s Graduanda em Direito do Trabalho e Processo do Trabalho pelo CEJAS. Atua nas \u00e1reas de Direito do Trabalho e Consumidor.<\/p><\/div><\/div>\t\t<\/div>\n\t\t\t\t<\/div>\n\t\t\t\t\t<\/div>\n\t\t<\/div>\n\t\t\t\t\t\t\t<\/div>\n\t\t<\/section>\n\t\t\t\t\t<\/div>\n\t\t<\/div>\n\t\t\t\t\t\t\t<\/div>\n\t\t<\/section>\n\t\t\t\t\t\t\t<\/div>\n\t\t","protected":false},"excerpt":{"rendered":"<p>A Equipe Nicolai Mascarenhas \u00e9 advogado com mais de 15 de anos de experi\u00eancia, parecerista, articulista e entusiasta do estudo da prote\u00e7\u00e3o da empresa no direito brasileiro. Atualmente \u00e9 diretor do Escrit\u00f3rio de Advocacia Nicolai Mascarenhas, consultor especialista em reestrutura\u00e7\u00e3o empresarial e planejamento tribut\u00e1rio, palestrante de temas ligados ao direito empresarial e tribut\u00e1rio, tais como: [&hellip;]<\/p>\n","protected":false},"author":25,"featured_media":0,"parent":0,"menu_order":0,"comment_status":"closed","ping_status":"closed","template":"","meta":{"footnotes":""},"_links":{"self":[{"href":"https:\/\/nicolaimascarenhas.adv.br\/nicolai\/wp-json\/wp\/v2\/pages\/10398"}],"collection":[{"href":"https:\/\/nicolaimascarenhas.adv.br\/nicolai\/wp-json\/wp\/v2\/pages"}],"about":[{"href":"https:\/\/nicolaimascarenhas.adv.br\/nicolai\/wp-json\/wp\/v2\/types\/page"}],"author":[{"embeddable":true,"href":"https:\/\/nicolaimascarenhas.adv.br\/nicolai\/wp-json\/wp\/v2\/users\/25"}],"replies":[{"embeddable":true,"href":"https:\/\/nicolaimascarenhas.adv.br\/nicolai\/wp-json\/wp\/v2\/comments?post=10398"}],"version-history":[{"count":31,"href":"https:\/\/nicolaimascarenhas.adv.br\/nicolai\/wp-json\/wp\/v2\/pages\/10398\/revisions"}],"predecessor-version":[{"id":10561,"href":"https:\/\/nicolaimascarenhas.adv.br\/nicolai\/wp-json\/wp\/v2\/pages\/10398\/revisions\/10561"}],"wp:attachment":[{"href":"https:\/\/nicolaimascarenhas.adv.br\/nicolai\/wp-json\/wp\/v2\/media?parent=10398"}],"curies":[{"name":"wp","href":"https:\/\/api.w.org\/{rel}","templated":true}]}}